{"id":6,"date":"2018-12-18T16:44:22","date_gmt":"2018-12-18T15:44:22","guid":{"rendered":"http:\/\/latil.fr\/?page_id=6"},"modified":"2020-04-21T07:39:51","modified_gmt":"2020-04-21T05:39:51","slug":"latil-batiment","status":"publish","type":"page","link":"https:\/\/latil.fr\/","title":{"rendered":""},"content":{"rendered":"\n<p>&#8220;L&#8217; entreprise <strong>Latil B\u00e2timent<\/strong>, une histoire de famille depuis 1979, nous proposons nos services pour mener \u00e0 bien vos projets de <strong>r\u00e9novation<\/strong> et <strong>construction<\/strong> principalement sur le Pays d&#8217; <strong>Aix en Provence<\/strong>.<\/p>\n\n\n\n<p>C&#8217;est avec plaisir que Rolland Latil sera \u00e0 votre \u00e9coute et mettra son expertise \u00e0 votre service.<\/p>\n\n\n\n<p>N&#8217;h\u00e9sitez pas \u00e0 nous contacter.&#8221;&nbsp;<\/p>\n","protected":false},"excerpt":{"rendered":"<p>&#8220;L&#8217; entreprise Latil B\u00e2timent, une histoire de famille depuis 1979, nous proposons nos services pour mener \u00e0 bien vos projets de r\u00e9novation et construction principalement sur le Pays d&#8217; Aix en Provence. C&#8217;est avec plaisir que Rolland Latil sera \u00e0 votre \u00e9coute et mettra son expertise \u00e0 votre service. N&#8217;h\u00e9sitez pas \u00e0 nous contacter.&#8221;&nbsp;<\/p>\n","protected":false},"author":1,"featured_media":0,"parent":0,"menu_order":0,"comment_status":"closed","ping_status":"closed","template":"","meta":{"ngg_post_thumbnail":0,"footnotes":""},"class_list":["post-6","page","type-page","status-publish","hentry"],"_links":{"self":[{"href":"https:\/\/latil.fr\/index.php\/wp-json\/wp\/v2\/pages\/6","targetHints":{"allow":["GET"]}}],"collection":[{"href":"https:\/\/latil.fr\/index.php\/wp-json\/wp\/v2\/pages"}],"about":[{"href":"https:\/\/latil.fr\/index.php\/wp-json\/wp\/v2\/types\/page"}],"author":[{"embeddable":true,"href":"https:\/\/latil.fr\/index.php\/wp-json\/wp\/v2\/users\/1"}],"replies":[{"embeddable":true,"href":"https:\/\/latil.fr\/index.php\/wp-json\/wp\/v2\/comments?post=6"}],"version-history":[{"count":12,"href":"https:\/\/latil.fr\/index.php\/wp-json\/wp\/v2\/pages\/6\/revisions"}],"predecessor-version":[{"id":226,"href":"https:\/\/latil.fr\/index.php\/wp-json\/wp\/v2\/pages\/6\/revisions\/226"}],"wp:attachment":[{"href":"https:\/\/latil.fr\/index.php\/wp-json\/wp\/v2\/media?parent=6"}],"curies":[{"name":"wp","href":"https:\/\/api.w.org\/{rel}","templated":true}]}}